{"id":760,"date":"2019-05-19T00:14:25","date_gmt":"2019-05-18T22:14:25","guid":{"rendered":"https:\/\/www.euroscope.hu\/wp\/?page_id=760"},"modified":"2026-02-04T22:21:55","modified_gmt":"2026-02-04T20:21:55","slug":"credits-for-v2-9","status":"publish","type":"page","link":"https:\/\/www.euroscope.hu\/wp\/credits-for-v2-9\/","title":{"rendered":"Credits for v2.9"},"content":{"rendered":"\n<div class=\"wp-block-columns has-2-columns is-layout-flex wp-container-core-columns-is-layout-9d6595d7 wp-block-columns-is-layout-flex\">\n<div class=\"wp-block-column is-layout-flow wp-block-column-is-layout-flow\"><div class=\"wp-block-image\">\n<figure class=\"alignleft\"><a href=\"https:\/\/www.euroscope.hu\/wp\/credits-for-v3-0\/\"><img loading=\"lazy\" decoding=\"async\" width=\"64\" height=\"64\" src=\"https:\/\/www.euroscope.hu\/wp\/wp-content\/uploads\/2019\/05\/button-arrow-left-icon.png\" alt=\"\" class=\"wp-image-725\"\/><\/a><\/figure>\n<\/div>\n\n\n<p><a href=\"https:\/\/www.euroscope.hu\/wp\/credits-for-v3-0\/\">Credits for v3.0<\/a><\/p>\n<\/div>\n\n\n\n<div class=\"wp-block-column is-layout-flow wp-block-column-is-layout-flow\"><div class=\"wp-block-image\">\n<figure class=\"alignright\"><a href=\"https:\/\/www.euroscope.hu\/wp\/quick-start\/\"><img loading=\"lazy\" decoding=\"async\" width=\"64\" height=\"64\" src=\"https:\/\/www.euroscope.hu\/wp\/wp-content\/uploads\/2019\/05\/button-arrow-right-icon.png\" alt=\"\" class=\"wp-image-724\"\/><\/a><\/figure>\n<\/div>\n\n\n<p class=\"has-text-align-right\"><a href=\"https:\/\/www.euroscope.hu\/wp\/quick-start\/\">Quick Start<\/a><\/p>\n<\/div>\n<\/div>\n\n\n\n<ul class=\"wp-block-list\">\n<li><strong>Eric Bocaneanu<\/strong> &#8211; Who always believed that we could make a client that can be accepted by VATSIM governors. He made all the discussions and  advertisements to start the beta testing EuroScope. He also helped me a lot in testing, writing documentation and making suggestions.<\/li>\n\n\n\n<li><strong>P\u00e9ter Selmeci<\/strong> &#8211; Who created the initial WEB site, redesigned my awful WEB pages. He helped with testing, writing the documentation and also with lots of new ideas.<\/li>\n\n\n\n<li><strong>P\u00e9ter Selmeci<\/strong> and <strong>Iv\u00e1n Rad\u00f3<\/strong> &#8211; For the name: EuroScope.<\/li>\n\n\n\n<li><strong>Attila \u00c1brah\u00e1m<\/strong> and <strong>\u00c1d\u00e1m Orb\u00e1n<\/strong> &#8211; They made a really strong pressure on me to develop EuroScope to the good direction. They also helped me a lot in testing.<\/li>\n\n\n\n<li><strong>Dani V\u00e9rtesy<\/strong> &#8211; To help me write this page among others.<\/li>\n\n\n\n<li><strong>Iv\u00e1n Nagy<\/strong> &#8211; Who registered euroscope.hu domain for me without any cost so far. UPDATE: It worked for 15 years for free. But I had to reregister it in 2019.<\/li>\n\n\n\n<li><strong>Todor Atanasov<\/strong> &#8211; Who created the final WEB site. UPDATE: It was changed to WordPress later.<\/li>\n\n\n\n<li><strong>Ross Carlson<\/strong> and <strong>Ben Supnik<\/strong> &#8211; They helped me a lot with how to make EuroScope VATSIM compatible. I received immediate support when I had any technical questions about the FSD protocol or VATSIM voice library. Ross made the beta test possible and updated my beta test members regularly.<\/li>\n\n\n\n<li><strong>Richard Stefan<\/strong> and Navigraph FMS Data Support &#8211; They allowed me to pack the FMS data with the installer of EuroScope. If you need to update the AIRAC cycle visit <a href=\"http:\/\/www.navigraph.com\/\">http:\/\/www.navigraph.com\/<\/a> for the latest release. Always download the version for FSNavigator 4.X.<\/li>\n\n\n\n<li>All beta test members &#8211; They tested EuroScope in different environments and surely in different ways. Many things that I would have never thought of were discovered by them. And they also helped me write this documentation.<\/li>\n\n\n\n<li>All VACCHUN members &#8211; Who was not part of the beta test team still helped me a lot on testing VRC and ASRC compatibility questions.<\/li>\n<\/ul>\n\n\n\n<p><\/p>\n","protected":false},"excerpt":{"rendered":"<p>Credits for v3.0 Quick Start<\/p>\n","protected":false},"author":1,"featured_media":0,"parent":0,"menu_order":0,"comment_status":"closed","ping_status":"closed","template":"","meta":{"footnotes":""},"class_list":["post-760","page","type-page","status-publish","hentry"],"_links":{"self":[{"href":"https:\/\/www.euroscope.hu\/wp\/wp-json\/wp\/v2\/pages\/760","targetHints":{"allow":["GET"]}}],"collection":[{"href":"https:\/\/www.euroscope.hu\/wp\/wp-json\/wp\/v2\/pages"}],"about":[{"href":"https:\/\/www.euroscope.hu\/wp\/wp-json\/wp\/v2\/types\/page"}],"author":[{"embeddable":true,"href":"https:\/\/www.euroscope.hu\/wp\/wp-json\/wp\/v2\/users\/1"}],"replies":[{"embeddable":true,"href":"https:\/\/www.euroscope.hu\/wp\/wp-json\/wp\/v2\/comments?post=760"}],"version-history":[{"count":3,"href":"https:\/\/www.euroscope.hu\/wp\/wp-json\/wp\/v2\/pages\/760\/revisions"}],"predecessor-version":[{"id":1284,"href":"https:\/\/www.euroscope.hu\/wp\/wp-json\/wp\/v2\/pages\/760\/revisions\/1284"}],"wp:attachment":[{"href":"https:\/\/www.euroscope.hu\/wp\/wp-json\/wp\/v2\/media?parent=760"}],"curies":[{"name":"wp","href":"https:\/\/api.w.org\/{rel}","templated":true}]}}